{"id":83,"date":"2021-07-06T15:35:47","date_gmt":"2021-07-06T13:35:47","guid":{"rendered":"https:\/\/fsr.alvario.de\/?post_type=product&#038;p=83"},"modified":"2021-12-08T17:39:27","modified_gmt":"2021-12-08T15:39:27","slug":"fatajel","status":"publish","type":"product","link":"https:\/\/new.fardi-hamburg.de\/en\/product\/fatajel\/","title":{"rendered":"Fatajel"},"content":{"rendered":"","protected":false},"excerpt":{"rendered":"<p>Lammfilet auf Schafsk\u00e4sesauce mariniert in Thymianoliven\u00f6l an ged\u00fcnstetem Gem\u00fcse auf Basmatireis.<\/p>","protected":false},"featured_media":687,"template":"","meta":{"_et_pb_use_builder":"","_et_pb_old_content":"","_et_gb_content_width":""},"product_brand":[],"product_cat":[15,37,50],"product_tag":[],"class_list":{"0":"post-83","1":"product","2":"type-product","3":"status-publish","4":"has-post-thumbnail","6":"product_cat-15","7":"product_cat-pick-up-food","8":"product_cat-second","9":"exwoofood_loc-hamburg","11":"first","12":"instock","13":"virtual","14":"taxable","15":"purchasable","16":"product-type-simple"},"_links":{"self":[{"href":"https:\/\/new.fardi-hamburg.de\/en\/wp-json\/wp\/v2\/product\/83","targetHints":{"allow":["GET"]}}],"collection":[{"href":"https:\/\/new.fardi-hamburg.de\/en\/wp-json\/wp\/v2\/product"}],"about":[{"href":"https:\/\/new.fardi-hamburg.de\/en\/wp-json\/wp\/v2\/types\/product"}],"wp:featuredmedia":[{"embeddable":true,"href":"https:\/\/new.fardi-hamburg.de\/en\/wp-json\/wp\/v2\/media\/687"}],"wp:attachment":[{"href":"https:\/\/new.fardi-hamburg.de\/en\/wp-json\/wp\/v2\/media?parent=83"}],"wp:term":[{"taxonomy":"product_brand","embeddable":true,"href":"https:\/\/new.fardi-hamburg.de\/en\/wp-json\/wp\/v2\/product_brand?post=83"},{"taxonomy":"product_cat","embeddable":true,"href":"https:\/\/new.fardi-hamburg.de\/en\/wp-json\/wp\/v2\/product_cat?post=83"},{"taxonomy":"product_tag","embeddable":true,"href":"https:\/\/new.fardi-hamburg.de\/en\/wp-json\/wp\/v2\/product_tag?post=83"}],"curies":[{"name":"wp","href":"https:\/\/api.w.org\/{rel}","templated":true}]}}