{"id":79,"date":"2021-07-06T15:35:46","date_gmt":"2021-07-06T13:35:46","guid":{"rendered":"https:\/\/fsr.alvario.de\/?post_type=product&#038;p=79"},"modified":"2021-12-08T17:57:39","modified_gmt":"2021-12-08T15:57:39","slug":"djadji","status":"publish","type":"product","link":"https:\/\/new.fardi-hamburg.de\/en\/product\/djadji\/","title":{"rendered":"Djadj"},"content":{"rendered":"<p><strong>Genie\u00dfen Sie die syrische Kochkunst<\/strong><br \/>\nDie moderne syrische K\u00fcche ist aber auch bekannt daf\u00fcr neue Einfl\u00fcsse mit in die traditionellen Gerichte und Speisen aufzunehmen und sich zu eigen zu machen &#8211; so entstand die &#8222;Syrische Haute Cuisine&#8220;.<\/p>","protected":false},"excerpt":{"rendered":"<p>Quail stuffed with dates and pistachios in a saffron sauce, with vegetables and rice.<\/p>","protected":false},"featured_media":684,"template":"","meta":{"_et_pb_use_builder":"","_et_pb_old_content":"","_et_gb_content_width":""},"product_brand":[],"product_cat":[15,37,50],"product_tag":[],"class_list":{"0":"post-79","1":"product","2":"type-product","3":"status-publish","4":"has-post-thumbnail","6":"product_cat-15","7":"product_cat-pick-up-food","8":"product_cat-second","9":"exwoofood_loc-hamburg","11":"first","12":"instock","13":"taxable","14":"shipping-taxable","15":"purchasable","16":"product-type-simple"},"_links":{"self":[{"href":"https:\/\/new.fardi-hamburg.de\/en\/wp-json\/wp\/v2\/product\/79","targetHints":{"allow":["GET"]}}],"collection":[{"href":"https:\/\/new.fardi-hamburg.de\/en\/wp-json\/wp\/v2\/product"}],"about":[{"href":"https:\/\/new.fardi-hamburg.de\/en\/wp-json\/wp\/v2\/types\/product"}],"wp:featuredmedia":[{"embeddable":true,"href":"https:\/\/new.fardi-hamburg.de\/en\/wp-json\/wp\/v2\/media\/684"}],"wp:attachment":[{"href":"https:\/\/new.fardi-hamburg.de\/en\/wp-json\/wp\/v2\/media?parent=79"}],"wp:term":[{"taxonomy":"product_brand","embeddable":true,"href":"https:\/\/new.fardi-hamburg.de\/en\/wp-json\/wp\/v2\/product_brand?post=79"},{"taxonomy":"product_cat","embeddable":true,"href":"https:\/\/new.fardi-hamburg.de\/en\/wp-json\/wp\/v2\/product_cat?post=79"},{"taxonomy":"product_tag","embeddable":true,"href":"https:\/\/new.fardi-hamburg.de\/en\/wp-json\/wp\/v2\/product_tag?post=79"}],"curies":[{"name":"wp","href":"https:\/\/api.w.org\/{rel}","templated":true}]}}