{"id":77,"date":"2021-07-06T15:35:45","date_gmt":"2021-07-06T13:35:45","guid":{"rendered":"https:\/\/fsr.alvario.de\/?post_type=product&#038;p=77"},"modified":"2021-12-08T17:57:58","modified_gmt":"2021-12-08T15:57:58","slug":"nakanek","status":"publish","type":"product","link":"https:\/\/new.fardi-hamburg.de\/en\/product\/nakanek\/","title":{"rendered":"Nakanek"},"content":{"rendered":"<p><strong>Genie\u00dfen Sie die syrische Kochkunst<\/strong><br \/>\nDie moderne syrische K\u00fcche ist aber auch bekannt daf\u00fcr neue Einfl\u00fcsse mit in die traditionellen Gerichte und Speisen aufzunehmen und sich zu eigen zu machen &#8211; so entstand die &#8222;Syrische Haute Cuisine&#8220;.<\/p>","protected":false},"excerpt":{"rendered":"<p>Sechs hausgemachte Lammw\u00fcrstchen mit gemischtem Salat (orientalisches Dressing)<\/p>","protected":false},"featured_media":0,"template":"","meta":{"_et_pb_use_builder":"","_et_pb_old_content":"","_et_gb_content_width":""},"product_brand":[],"product_cat":[15,37,50],"product_tag":[],"class_list":{"0":"post-77","1":"product","2":"type-product","3":"status-publish","5":"product_cat-15","6":"product_cat-pick-up-food","7":"product_cat-second","8":"exwoofood_loc-hamburg","10":"first","11":"instock","12":"taxable","13":"shipping-taxable","14":"purchasable","15":"product-type-simple"},"_links":{"self":[{"href":"https:\/\/new.fardi-hamburg.de\/en\/wp-json\/wp\/v2\/product\/77","targetHints":{"allow":["GET"]}}],"collection":[{"href":"https:\/\/new.fardi-hamburg.de\/en\/wp-json\/wp\/v2\/product"}],"about":[{"href":"https:\/\/new.fardi-hamburg.de\/en\/wp-json\/wp\/v2\/types\/product"}],"wp:attachment":[{"href":"https:\/\/new.fardi-hamburg.de\/en\/wp-json\/wp\/v2\/media?parent=77"}],"wp:term":[{"taxonomy":"product_brand","embeddable":true,"href":"https:\/\/new.fardi-hamburg.de\/en\/wp-json\/wp\/v2\/product_brand?post=77"},{"taxonomy":"product_cat","embeddable":true,"href":"https:\/\/new.fardi-hamburg.de\/en\/wp-json\/wp\/v2\/product_cat?post=77"},{"taxonomy":"product_tag","embeddable":true,"href":"https:\/\/new.fardi-hamburg.de\/en\/wp-json\/wp\/v2\/product_tag?post=77"}],"curies":[{"name":"wp","href":"https:\/\/api.w.org\/{rel}","templated":true}]}}