{"id":490,"date":"2021-09-13T15:23:59","date_gmt":"2021-09-13T13:23:59","guid":{"rendered":"https:\/\/fsr.alvario.de\/?post_type=product&#038;p=490"},"modified":"2021-12-08T17:57:07","modified_gmt":"2021-12-08T15:57:07","slug":"dessert-ausgewaehlte-syrische-spezialitaeten","status":"publish","type":"product","link":"https:\/\/new.fardi-hamburg.de\/en\/product\/dessert-ausgewaehlte-syrische-spezialitaeten\/","title":{"rendered":"Dessert &#8211; ausgew\u00e4hlte syrische Spezialit\u00e4ten"},"content":{"rendered":"<p><strong>Genie\u00dfen Sie die syrische Kochkunst<\/strong><br \/>\nDie moderne syrische K\u00fcche ist aber auch bekannt daf\u00fcr neue Einfl\u00fcsse mit in die traditionellen Gerichte und Speisen aufzunehmen und sich zu eigen zu machen &#8211; so entstand die &#8222;Syrische Haute Cuisine&#8220;.<\/p>","protected":false},"excerpt":{"rendered":"<p>Fragen Sie gerne pers\u00f6nlich nach unserem Tagesangebot an syrischen Dessertvariationen. <\/p>","protected":false},"featured_media":689,"template":"","meta":{"_et_pb_use_builder":"","_et_pb_old_content":"","_et_gb_content_width":""},"product_brand":[],"product_cat":[15,37,51],"product_tag":[],"class_list":{"0":"post-490","1":"product","2":"type-product","3":"status-publish","4":"has-post-thumbnail","6":"product_cat-15","7":"product_cat-pick-up-food","8":"product_cat-last","10":"first","11":"instock","12":"taxable","13":"shipping-taxable","14":"purchasable","15":"product-type-simple"},"_links":{"self":[{"href":"https:\/\/new.fardi-hamburg.de\/en\/wp-json\/wp\/v2\/product\/490","targetHints":{"allow":["GET"]}}],"collection":[{"href":"https:\/\/new.fardi-hamburg.de\/en\/wp-json\/wp\/v2\/product"}],"about":[{"href":"https:\/\/new.fardi-hamburg.de\/en\/wp-json\/wp\/v2\/types\/product"}],"wp:featuredmedia":[{"embeddable":true,"href":"https:\/\/new.fardi-hamburg.de\/en\/wp-json\/wp\/v2\/media\/689"}],"wp:attachment":[{"href":"https:\/\/new.fardi-hamburg.de\/en\/wp-json\/wp\/v2\/media?parent=490"}],"wp:term":[{"taxonomy":"product_brand","embeddable":true,"href":"https:\/\/new.fardi-hamburg.de\/en\/wp-json\/wp\/v2\/product_brand?post=490"},{"taxonomy":"product_cat","embeddable":true,"href":"https:\/\/new.fardi-hamburg.de\/en\/wp-json\/wp\/v2\/product_cat?post=490"},{"taxonomy":"product_tag","embeddable":true,"href":"https:\/\/new.fardi-hamburg.de\/en\/wp-json\/wp\/v2\/product_tag?post=490"}],"curies":[{"name":"wp","href":"https:\/\/api.w.org\/{rel}","templated":true}]}}