{"id":479,"date":"2021-09-12T13:17:17","date_gmt":"2021-09-12T13:17:17","guid":{"rendered":"https:\/\/fsr.alvario.de\/?post_type=product&#038;p=479"},"modified":"2021-12-08T18:05:09","modified_gmt":"2021-12-08T16:05:09","slug":"litaj-rot-2017-latourba","status":"publish","type":"product","link":"https:\/\/new.fardi-hamburg.de\/en\/product\/litaj-rot-2017-latourba\/","title":{"rendered":"Litaj &#8211; rot, 2017 Latourba"},"content":{"rendered":"<p>Das weltbekannte Weingut wurde 1930 in Ghazir, n\u00f6rdlich von Beirut, von Gaston Hochar gegr\u00fcndet. Sein Sohn Serge ebnete zusammen mit seinem Bruder den Weg  f\u00fcr die weiteren Erfolge und brachte dem libanesischem Wein weltweit ein hohes Ansehen.<\/p>","protected":false},"excerpt":{"rendered":"<p>Merlot, Cabernet Sauvignon, Syrahe<br \/>\nreift 18 Monate in Holzf\u00e4ssern aus franz\u00f6sischer Eiche.<br \/>\nEine leuchtendes Gelb mit gr\u00fcnen Reflexen. Elegant und intensiv in der Nase mit einem Duft nach Pfirsich, Zitrusfrucht und exotischen Fr\u00fcchten. Fruchtig und gut ausgeglichen am Gaumen mit einer guten Struktur und einzigartigen Aromen von frischen und tropischen Fr\u00fcchten.<\/p>","protected":false},"featured_media":0,"template":"","meta":{"_et_pb_use_builder":"","_et_pb_old_content":"","_et_gb_content_width":""},"product_brand":[],"product_cat":[15,38,48],"product_tag":[],"class_list":{"0":"post-479","1":"product","2":"type-product","3":"status-publish","5":"product_cat-15","6":"product_cat-weine","7":"product_cat-weine-l","9":"first","10":"instock","11":"taxable","12":"shipping-taxable","13":"purchasable","14":"product-type-simple"},"_links":{"self":[{"href":"https:\/\/new.fardi-hamburg.de\/en\/wp-json\/wp\/v2\/product\/479","targetHints":{"allow":["GET"]}}],"collection":[{"href":"https:\/\/new.fardi-hamburg.de\/en\/wp-json\/wp\/v2\/product"}],"about":[{"href":"https:\/\/new.fardi-hamburg.de\/en\/wp-json\/wp\/v2\/types\/product"}],"wp:attachment":[{"href":"https:\/\/new.fardi-hamburg.de\/en\/wp-json\/wp\/v2\/media?parent=479"}],"wp:term":[{"taxonomy":"product_brand","embeddable":true,"href":"https:\/\/new.fardi-hamburg.de\/en\/wp-json\/wp\/v2\/product_brand?post=479"},{"taxonomy":"product_cat","embeddable":true,"href":"https:\/\/new.fardi-hamburg.de\/en\/wp-json\/wp\/v2\/product_cat?post=479"},{"taxonomy":"product_tag","embeddable":true,"href":"https:\/\/new.fardi-hamburg.de\/en\/wp-json\/wp\/v2\/product_tag?post=479"}],"curies":[{"name":"wp","href":"https:\/\/api.w.org\/{rel}","templated":true}]}}