{"id":478,"date":"2021-09-12T13:15:34","date_gmt":"2021-09-12T13:15:34","guid":{"rendered":"https:\/\/fsr.alvario.de\/?post_type=product&#038;p=478"},"modified":"2021-12-08T18:05:03","modified_gmt":"2021-12-08T16:05:03","slug":"blanc-weis-2017-massaya","status":"publish","type":"product","link":"https:\/\/new.fardi-hamburg.de\/en\/product\/blanc-weis-2017-massaya\/","title":{"rendered":"Blanc &#8211; wei\u00df, 2017 Massaya"},"content":{"rendered":"<p>Das weltbekannte Weingut wurde 1930 in Ghazir, n\u00f6rdlich von Beirut, von Gaston Hochar gegr\u00fcndet. Sein Sohn Serge ebnete zusammen mit seinem Bruder den Weg  f\u00fcr die weiteren Erfolge und brachte dem libanesischem Wein weltweit ein hohes Ansehen.<\/p>","protected":false},"excerpt":{"rendered":"<p>Sauvignon Blanc, Chardonnay, Obeidi, Clairette<br \/>\nHelles Gelb mit leicht gr\u00fcnlichen Reflektionen. Frisch und tropisch in der Nase mit einem exotischen Duft nach frischen Trauben, Bl\u00fcten (Linden, Johannisbeere), Ananas und Zitronensirup. Intensiv am Gaumen entwickelt dieser Wein einen geschmeidigen und vollmundigen Geschmack nach saftigen Zitronen, Litschi und einem Hauch von reifen Bananen.<\/p>","protected":false},"featured_media":0,"template":"","meta":{"_et_pb_use_builder":"","_et_pb_old_content":"","_et_gb_content_width":""},"product_brand":[],"product_cat":[15,38,48],"product_tag":[],"class_list":{"0":"post-478","1":"product","2":"type-product","3":"status-publish","5":"product_cat-15","6":"product_cat-weine","7":"product_cat-weine-l","9":"first","10":"instock","11":"taxable","12":"shipping-taxable","13":"purchasable","14":"product-type-simple"},"_links":{"self":[{"href":"https:\/\/new.fardi-hamburg.de\/en\/wp-json\/wp\/v2\/product\/478","targetHints":{"allow":["GET"]}}],"collection":[{"href":"https:\/\/new.fardi-hamburg.de\/en\/wp-json\/wp\/v2\/product"}],"about":[{"href":"https:\/\/new.fardi-hamburg.de\/en\/wp-json\/wp\/v2\/types\/product"}],"wp:attachment":[{"href":"https:\/\/new.fardi-hamburg.de\/en\/wp-json\/wp\/v2\/media?parent=478"}],"wp:term":[{"taxonomy":"product_brand","embeddable":true,"href":"https:\/\/new.fardi-hamburg.de\/en\/wp-json\/wp\/v2\/product_brand?post=478"},{"taxonomy":"product_cat","embeddable":true,"href":"https:\/\/new.fardi-hamburg.de\/en\/wp-json\/wp\/v2\/product_cat?post=478"},{"taxonomy":"product_tag","embeddable":true,"href":"https:\/\/new.fardi-hamburg.de\/en\/wp-json\/wp\/v2\/product_tag?post=478"}],"curies":[{"name":"wp","href":"https:\/\/api.w.org\/{rel}","templated":true}]}}