{"id":475,"date":"2021-09-12T13:10:42","date_gmt":"2021-09-12T13:10:42","guid":{"rendered":"https:\/\/fsr.alvario.de\/?post_type=product&#038;p=475"},"modified":"2021-12-08T18:17:46","modified_gmt":"2021-12-08T16:17:46","slug":"family-reserve-2012-heritage","status":"publish","type":"product","link":"https:\/\/new.fardi-hamburg.de\/en\/product\/family-reserve-2012-heritage\/","title":{"rendered":"Family Reserve &#8211; 2012 Heritage"},"content":{"rendered":"<p>Jibran Elias Touma die ber\u00fchmte Arak-Destillerie 1888 gr\u00fcndete, war es nur eine Frage der Zeit, bis er in die Weinindustrie eintrat, um als Winzer zu expandieren und zu wachsen.<\/p>","protected":false},"excerpt":{"rendered":"<p>Syrah &#038; Cabernet Sauvignon<br \/>\nTiefes Rubinrot mit lila Reflexionen und einem w\u00fcrzigen Bouquet. Dicht, fleischig und kr\u00e4ftig am Gaumen mit Aromen nach S\u00fc\u00dfholz, Zimt und getrockneten Fr\u00fcchten.<\/p>","protected":false},"featured_media":0,"template":"","meta":{"_et_pb_use_builder":"","_et_pb_old_content":"","_et_gb_content_width":""},"product_brand":[],"product_cat":[15,38,48],"product_tag":[],"class_list":{"0":"post-475","1":"product","2":"type-product","3":"status-publish","5":"product_cat-15","6":"product_cat-weine","7":"product_cat-weine-l","9":"first","10":"instock","11":"taxable","12":"shipping-taxable","13":"purchasable","14":"product-type-simple"},"_links":{"self":[{"href":"https:\/\/new.fardi-hamburg.de\/en\/wp-json\/wp\/v2\/product\/475","targetHints":{"allow":["GET"]}}],"collection":[{"href":"https:\/\/new.fardi-hamburg.de\/en\/wp-json\/wp\/v2\/product"}],"about":[{"href":"https:\/\/new.fardi-hamburg.de\/en\/wp-json\/wp\/v2\/types\/product"}],"wp:attachment":[{"href":"https:\/\/new.fardi-hamburg.de\/en\/wp-json\/wp\/v2\/media?parent=475"}],"wp:term":[{"taxonomy":"product_brand","embeddable":true,"href":"https:\/\/new.fardi-hamburg.de\/en\/wp-json\/wp\/v2\/product_brand?post=475"},{"taxonomy":"product_cat","embeddable":true,"href":"https:\/\/new.fardi-hamburg.de\/en\/wp-json\/wp\/v2\/product_cat?post=475"},{"taxonomy":"product_tag","embeddable":true,"href":"https:\/\/new.fardi-hamburg.de\/en\/wp-json\/wp\/v2\/product_tag?post=475"}],"curies":[{"name":"wp","href":"https:\/\/api.w.org\/{rel}","templated":true}]}}