{"id":473,"date":"2021-09-12T13:07:41","date_gmt":"2021-09-12T13:07:41","guid":{"rendered":"https:\/\/fsr.alvario.de\/?post_type=product&#038;p=473"},"modified":"2021-12-08T18:17:56","modified_gmt":"2021-12-08T16:17:56","slug":"cuvee-saint-elie-2015-heritage","status":"publish","type":"product","link":"https:\/\/new.fardi-hamburg.de\/en\/product\/cuvee-saint-elie-2015-heritage\/","title":{"rendered":"Cuv\u00e9e Saint Elie &#8211; 2015 Heritage"},"content":{"rendered":"<p>Jibran Elias Touma die ber\u00fchmte Arak-Destillerie 1888 gr\u00fcndete, war es nur eine Frage der Zeit, bis er in die Weinindustrie eintrat, um als Winzer zu expandieren und zu wachsen.<\/p>","protected":false},"excerpt":{"rendered":"<p>Grenache &#038; Cinsault<br \/>\nBrillantes Rubinrot mit Aromen von Kaffee, Kakao, Cassis und einem sch\u00f6nen Abgang.<\/p>","protected":false},"featured_media":0,"template":"","meta":{"_et_pb_use_builder":"","_et_pb_old_content":"","_et_gb_content_width":""},"product_brand":[],"product_cat":[15,38,48],"product_tag":[],"class_list":{"0":"post-473","1":"product","2":"type-product","3":"status-publish","5":"product_cat-15","6":"product_cat-weine","7":"product_cat-weine-l","9":"first","10":"instock","11":"taxable","12":"shipping-taxable","13":"purchasable","14":"product-type-simple"},"_links":{"self":[{"href":"https:\/\/new.fardi-hamburg.de\/en\/wp-json\/wp\/v2\/product\/473","targetHints":{"allow":["GET"]}}],"collection":[{"href":"https:\/\/new.fardi-hamburg.de\/en\/wp-json\/wp\/v2\/product"}],"about":[{"href":"https:\/\/new.fardi-hamburg.de\/en\/wp-json\/wp\/v2\/types\/product"}],"wp:attachment":[{"href":"https:\/\/new.fardi-hamburg.de\/en\/wp-json\/wp\/v2\/media?parent=473"}],"wp:term":[{"taxonomy":"product_brand","embeddable":true,"href":"https:\/\/new.fardi-hamburg.de\/en\/wp-json\/wp\/v2\/product_brand?post=473"},{"taxonomy":"product_cat","embeddable":true,"href":"https:\/\/new.fardi-hamburg.de\/en\/wp-json\/wp\/v2\/product_cat?post=473"},{"taxonomy":"product_tag","embeddable":true,"href":"https:\/\/new.fardi-hamburg.de\/en\/wp-json\/wp\/v2\/product_tag?post=473"}],"curies":[{"name":"wp","href":"https:\/\/api.w.org\/{rel}","templated":true}]}}