{"id":466,"date":"2021-09-12T12:58:30","date_gmt":"2021-09-12T12:58:30","guid":{"rendered":"https:\/\/fsr.alvario.de\/?post_type=product&#038;p=466"},"modified":"2021-12-08T18:16:17","modified_gmt":"2021-12-08T16:16:17","slug":"baal-rouge-rot-2013-domaine-de-baal","status":"publish","type":"product","link":"https:\/\/new.fardi-hamburg.de\/en\/product\/baal-rouge-rot-2013-domaine-de-baal\/","title":{"rendered":"Baal Rouge &#8211; rot, 2013 Domaine de Baal"},"content":{"rendered":"<p>S\u00e9bastien Khoury, Inhaber de Weinguts Domaine de Baal, hat sein Handwerk in Frankreich erlernt. Sein Vater besa\u00df im Libanon ein paar Hektar Land mit einem hervorragenden Terroir. Ende 2005 kehrte S\u00e9bastien Khoury, hochmotiviert, in den Libanon zur\u00fcck, um sein eigenes Weingut aufzubauen und sein Land mit Terrassen wieder zu kultivieren. Der Boden an den H\u00e4ngen ist eine Mischung aus rotem Ton und Kalkstein, welche ideale Wetterkonditionen f\u00fcr den Weinbau genie\u00dfen. Die Produktion wird momentan von den Besten Weinkritikern und Journalisten gelobt.<\/p>","protected":false},"excerpt":{"rendered":"<p>Cabernet Sauvignon, Cabernet Franc, Merlot &#038; Syrah<br \/>\nreift 18 Monate in Holzf\u00e4ssern aus franz\u00f6sischer Eiche.<br \/>\nEin runder Rotwein mit einer dunklen, rubinroten Farbe. Gut strukturiert besticht er zun\u00e4chst mit seiner explosiven, pfeffrigen Fruchtnase, welche sp\u00e4ter von Kr\u00e4uter-, R\u00f6st-, und Lakritzaromen dominiert wird. Am Gaumen komplex und kraftvoll mit einer Nuance von schwarzen Johannisbeeren, R\u00e4ucherfleisch, Nelken und einem langen tanninhaltigen Abgang.<\/p>","protected":false},"featured_media":0,"template":"","meta":{"_et_pb_use_builder":"","_et_pb_old_content":"","_et_gb_content_width":""},"product_brand":[],"product_cat":[15,38,48],"product_tag":[],"class_list":{"0":"post-466","1":"product","2":"type-product","3":"status-publish","5":"product_cat-15","6":"product_cat-weine","7":"product_cat-weine-l","9":"first","10":"instock","11":"taxable","12":"shipping-taxable","13":"purchasable","14":"product-type-simple"},"_links":{"self":[{"href":"https:\/\/new.fardi-hamburg.de\/en\/wp-json\/wp\/v2\/product\/466","targetHints":{"allow":["GET"]}}],"collection":[{"href":"https:\/\/new.fardi-hamburg.de\/en\/wp-json\/wp\/v2\/product"}],"about":[{"href":"https:\/\/new.fardi-hamburg.de\/en\/wp-json\/wp\/v2\/types\/product"}],"wp:attachment":[{"href":"https:\/\/new.fardi-hamburg.de\/en\/wp-json\/wp\/v2\/media?parent=466"}],"wp:term":[{"taxonomy":"product_brand","embeddable":true,"href":"https:\/\/new.fardi-hamburg.de\/en\/wp-json\/wp\/v2\/product_brand?post=466"},{"taxonomy":"product_cat","embeddable":true,"href":"https:\/\/new.fardi-hamburg.de\/en\/wp-json\/wp\/v2\/product_cat?post=466"},{"taxonomy":"product_tag","embeddable":true,"href":"https:\/\/new.fardi-hamburg.de\/en\/wp-json\/wp\/v2\/product_tag?post=466"}],"curies":[{"name":"wp","href":"https:\/\/api.w.org\/{rel}","templated":true}]}}