{"id":463,"date":"2021-09-12T12:53:10","date_gmt":"2021-09-12T12:53:10","guid":{"rendered":"https:\/\/fsr.alvario.de\/?post_type=product&#038;p=463"},"modified":"2021-12-08T18:04:09","modified_gmt":"2021-12-08T16:04:09","slug":"chateau-rouge-rot-1998-chateau-musar","status":"publish","type":"product","link":"https:\/\/new.fardi-hamburg.de\/en\/product\/chateau-rouge-rot-1998-chateau-musar\/","title":{"rendered":"Chateau Rouge &#8211; rot, 1998 Chateau Musar"},"content":{"rendered":"<p>Das weltbekannte Weingut wurde 1930 in Ghazir, n\u00f6rdlich von Beirut, von Gaston Hochar gegr\u00fcndet. Sein Sohn Serge ebnete zusammen mit seinem Bruder den Weg  f\u00fcr die weiteren Erfolge und brachte dem libanesischem Wein weltweit ein hohes Ansehen.<\/p>","protected":false},"excerpt":{"rendered":"<p>Cinsault, Cabernet Sauvignon &#038; Carignan<br \/>\nreift dieser Wein 12 Monate in Holzf\u00e4ssern aus franz\u00f6sischer Eiche.<br \/>\nFruchtig in der Nase mit eine Duft nach roten Waldfr\u00fcchten, Erdbeeren, Kirschen und reifen Pflaumen. Untermalt von hellem Sand, Leder und integrierten Holzaromen. Reif, schmelzig und frisch am Gaumen mit fruchtigem Geschmack nach Darjeeling, Kaffeebohnen und kubanischem Tabak.<\/p>","protected":false},"featured_media":0,"template":"","meta":{"_et_pb_use_builder":"","_et_pb_old_content":"","_et_gb_content_width":""},"product_brand":[],"product_cat":[15,38,48],"product_tag":[],"class_list":{"0":"post-463","1":"product","2":"type-product","3":"status-publish","5":"product_cat-15","6":"product_cat-weine","7":"product_cat-weine-l","9":"first","10":"instock","11":"taxable","12":"shipping-taxable","13":"purchasable","14":"product-type-simple"},"_links":{"self":[{"href":"https:\/\/new.fardi-hamburg.de\/en\/wp-json\/wp\/v2\/product\/463","targetHints":{"allow":["GET"]}}],"collection":[{"href":"https:\/\/new.fardi-hamburg.de\/en\/wp-json\/wp\/v2\/product"}],"about":[{"href":"https:\/\/new.fardi-hamburg.de\/en\/wp-json\/wp\/v2\/types\/product"}],"wp:attachment":[{"href":"https:\/\/new.fardi-hamburg.de\/en\/wp-json\/wp\/v2\/media?parent=463"}],"wp:term":[{"taxonomy":"product_brand","embeddable":true,"href":"https:\/\/new.fardi-hamburg.de\/en\/wp-json\/wp\/v2\/product_brand?post=463"},{"taxonomy":"product_cat","embeddable":true,"href":"https:\/\/new.fardi-hamburg.de\/en\/wp-json\/wp\/v2\/product_cat?post=463"},{"taxonomy":"product_tag","embeddable":true,"href":"https:\/\/new.fardi-hamburg.de\/en\/wp-json\/wp\/v2\/product_tag?post=463"}],"curies":[{"name":"wp","href":"https:\/\/api.w.org\/{rel}","templated":true}]}}