{"id":462,"date":"2021-09-12T12:51:20","date_gmt":"2021-09-12T12:51:20","guid":{"rendered":"https:\/\/fsr.alvario.de\/?post_type=product&#038;p=462"},"modified":"2021-12-08T18:04:08","modified_gmt":"2021-12-08T16:04:08","slug":"aana-rot-2016-chateau-musar","status":"publish","type":"product","link":"https:\/\/new.fardi-hamburg.de\/en\/product\/aana-rot-2016-chateau-musar\/","title":{"rendered":"Aana &#8211; rot, 2016 Chateau Musar"},"content":{"rendered":"<p>Das weltbekannte Weingut wurde 1930 in Ghazir, n\u00f6rdlich von Beirut, von Gaston Hochar gegr\u00fcndet. Sein Sohn Serge ebnete zusammen mit seinem Bruder den Weg  f\u00fcr die weiteren Erfolge und brachte dem libanesischem Wein weltweit ein hohes Ansehen.<\/p>","protected":false},"excerpt":{"rendered":"<p>Cinsault, Cabernet Sauvignon &#038; Carignan<br \/>\nreift dieser Wein 6 Monate in Holzf\u00e4ssern aus franz\u00f6sischer Eiche.<br \/>\nDieser bestechende und frische Wein ist ein Unikat aus dem Hause Musar. Fruchtig und impulsiv in der Nase mit einem harmonischen Duft nach Sauerkirschen, dunkler Schokolade und roten Fr\u00fcchten. W\u00fcrzig, fruchtig und \u00fcberraschend samtig am Gaumen mit einem s\u00fc\u00dflichen Aroma von dunklen Fr\u00fcchten, einer gut integrierten Tannine und einem harmonieren S\u00e4urepolster.<\/p>","protected":false},"featured_media":0,"template":"","meta":{"_et_pb_use_builder":"","_et_pb_old_content":"","_et_gb_content_width":""},"product_brand":[],"product_cat":[15,38,48],"product_tag":[],"class_list":{"0":"post-462","1":"product","2":"type-product","3":"status-publish","5":"product_cat-15","6":"product_cat-weine","7":"product_cat-weine-l","9":"first","10":"instock","11":"taxable","12":"shipping-taxable","13":"purchasable","14":"product-type-simple"},"_links":{"self":[{"href":"https:\/\/new.fardi-hamburg.de\/en\/wp-json\/wp\/v2\/product\/462","targetHints":{"allow":["GET"]}}],"collection":[{"href":"https:\/\/new.fardi-hamburg.de\/en\/wp-json\/wp\/v2\/product"}],"about":[{"href":"https:\/\/new.fardi-hamburg.de\/en\/wp-json\/wp\/v2\/types\/product"}],"wp:attachment":[{"href":"https:\/\/new.fardi-hamburg.de\/en\/wp-json\/wp\/v2\/media?parent=462"}],"wp:term":[{"taxonomy":"product_brand","embeddable":true,"href":"https:\/\/new.fardi-hamburg.de\/en\/wp-json\/wp\/v2\/product_brand?post=462"},{"taxonomy":"product_cat","embeddable":true,"href":"https:\/\/new.fardi-hamburg.de\/en\/wp-json\/wp\/v2\/product_cat?post=462"},{"taxonomy":"product_tag","embeddable":true,"href":"https:\/\/new.fardi-hamburg.de\/en\/wp-json\/wp\/v2\/product_tag?post=462"}],"curies":[{"name":"wp","href":"https:\/\/api.w.org\/{rel}","templated":true}]}}