{"id":461,"date":"2021-09-12T12:49:00","date_gmt":"2021-09-12T12:49:00","guid":{"rendered":"https:\/\/fsr.alvario.de\/?post_type=product&#038;p=461"},"modified":"2021-12-08T18:04:08","modified_gmt":"2021-12-08T16:04:08","slug":"jeune-rose-rose-2018-chateau-musar","status":"publish","type":"product","link":"https:\/\/new.fardi-hamburg.de\/en\/product\/jeune-rose-rose-2018-chateau-musar\/","title":{"rendered":"Jeune Ros\u00e9 &#8211; ros\u00e9, 2018 Chateau Musar"},"content":{"rendered":"<p>Das weltbekannte Weingut wurde 1930 in Ghazir, n\u00f6rdlich von Beirut, von Gaston Hochar gegr\u00fcndet. Sein Sohn Serge ebnete zusammen mit seinem Bruder den Weg  f\u00fcr die weiteren Erfolge und brachte dem libanesischem Wein weltweit ein hohes Ansehen.<\/p>","protected":false},"excerpt":{"rendered":"<p>Cinsault &#038; Mourv\u00e8dre<br \/>\nIn der Nase ein intensives und fruchtiges Bouquet mit Aromen von Pfirsich und Birne. Sanft am Gaumen mit Aromen von Quitten, \u00c4pfeln, sevillanischer Orangen-Marmelade, Eindr\u00fccken von Preiselbeeren und einem ausgeglichenen S\u00e4uregehalt.<\/p>","protected":false},"featured_media":0,"template":"","meta":{"_et_pb_use_builder":"","_et_pb_old_content":"","_et_gb_content_width":""},"product_brand":[],"product_cat":[15,38,48],"product_tag":[],"class_list":{"0":"post-461","1":"product","2":"type-product","3":"status-publish","5":"product_cat-15","6":"product_cat-weine","7":"product_cat-weine-l","9":"first","10":"instock","11":"taxable","12":"shipping-taxable","13":"purchasable","14":"product-type-simple"},"_links":{"self":[{"href":"https:\/\/new.fardi-hamburg.de\/en\/wp-json\/wp\/v2\/product\/461","targetHints":{"allow":["GET"]}}],"collection":[{"href":"https:\/\/new.fardi-hamburg.de\/en\/wp-json\/wp\/v2\/product"}],"about":[{"href":"https:\/\/new.fardi-hamburg.de\/en\/wp-json\/wp\/v2\/types\/product"}],"wp:attachment":[{"href":"https:\/\/new.fardi-hamburg.de\/en\/wp-json\/wp\/v2\/media?parent=461"}],"wp:term":[{"taxonomy":"product_brand","embeddable":true,"href":"https:\/\/new.fardi-hamburg.de\/en\/wp-json\/wp\/v2\/product_brand?post=461"},{"taxonomy":"product_cat","embeddable":true,"href":"https:\/\/new.fardi-hamburg.de\/en\/wp-json\/wp\/v2\/product_cat?post=461"},{"taxonomy":"product_tag","embeddable":true,"href":"https:\/\/new.fardi-hamburg.de\/en\/wp-json\/wp\/v2\/product_tag?post=461"}],"curies":[{"name":"wp","href":"https:\/\/api.w.org\/{rel}","templated":true}]}}