{"id":460,"date":"2021-09-12T12:46:15","date_gmt":"2021-09-12T12:46:15","guid":{"rendered":"https:\/\/fsr.alvario.de\/?post_type=product&#038;p=460"},"modified":"2021-12-08T18:04:06","modified_gmt":"2021-12-08T16:04:06","slug":"chateau-blanc-weis-2010-chateau-musar","status":"publish","type":"product","link":"https:\/\/new.fardi-hamburg.de\/en\/product\/chateau-blanc-weis-2010-chateau-musar\/","title":{"rendered":"Chateau Blanc &#8211; wei\u00df, 2010 Chateau Musar"},"content":{"rendered":"<p>Das weltbekannte Weingut wurde 1930 in Ghazir, n\u00f6rdlich von Beirut, von Gaston Hochar gegr\u00fcndet. Sein Sohn Serge ebnete zusammen mit seinem Bruder den Weg  f\u00fcr die weiteren Erfolge und brachte dem libanesischem Wein weltweit ein hohes Ansehen.<\/p>","protected":false},"excerpt":{"rendered":"<p>Obeidi &#038; Merwah<br \/>\nreift 9 Monate in Holzf\u00e4ssern aus franz\u00f6sischer Eiche.<br \/>\nEine wirkliche Besonderheit aus dem Libanon. Genau das richtige f\u00fcr Weinliebhaber. Reif, vollmundig und trocken mit Aromen von tropischen Fr\u00fcchten (Ananas und Bananen), buttrigem Toastbrot untermalt von Honig und einem harmonierender S\u00e4ure.<\/p>","protected":false},"featured_media":0,"template":"","meta":{"_et_pb_use_builder":"","_et_pb_old_content":"","_et_gb_content_width":""},"product_brand":[],"product_cat":[15,38,48],"product_tag":[],"class_list":{"0":"post-460","1":"product","2":"type-product","3":"status-publish","5":"product_cat-15","6":"product_cat-weine","7":"product_cat-weine-l","9":"first","10":"instock","11":"taxable","12":"shipping-taxable","13":"purchasable","14":"product-type-simple"},"_links":{"self":[{"href":"https:\/\/new.fardi-hamburg.de\/en\/wp-json\/wp\/v2\/product\/460","targetHints":{"allow":["GET"]}}],"collection":[{"href":"https:\/\/new.fardi-hamburg.de\/en\/wp-json\/wp\/v2\/product"}],"about":[{"href":"https:\/\/new.fardi-hamburg.de\/en\/wp-json\/wp\/v2\/types\/product"}],"wp:attachment":[{"href":"https:\/\/new.fardi-hamburg.de\/en\/wp-json\/wp\/v2\/media?parent=460"}],"wp:term":[{"taxonomy":"product_brand","embeddable":true,"href":"https:\/\/new.fardi-hamburg.de\/en\/wp-json\/wp\/v2\/product_brand?post=460"},{"taxonomy":"product_cat","embeddable":true,"href":"https:\/\/new.fardi-hamburg.de\/en\/wp-json\/wp\/v2\/product_cat?post=460"},{"taxonomy":"product_tag","embeddable":true,"href":"https:\/\/new.fardi-hamburg.de\/en\/wp-json\/wp\/v2\/product_tag?post=460"}],"curies":[{"name":"wp","href":"https:\/\/api.w.org\/{rel}","templated":true}]}}