{"id":458,"date":"2021-09-12T12:34:52","date_gmt":"2021-09-12T12:34:52","guid":{"rendered":"https:\/\/fsr.alvario.de\/?post_type=product&#038;p=458"},"modified":"2021-12-08T18:33:06","modified_gmt":"2021-12-08T16:33:06","slug":"bargylus-rouge-rot-2011-bargylus","status":"publish","type":"product","link":"https:\/\/new.fardi-hamburg.de\/en\/product\/bargylus-rouge-rot-2011-bargylus\/","title":{"rendered":"Bargylus Rouge &#8211; rot, 2011 Bargylus"},"content":{"rendered":"<p>Die Domaine Bargylus befindet sich am Rand der Bergkette Bargylus in Latakia am Mittelmeer. Schon vor 3000 Jahren wurde dort Wein angebaut. Die Weinberge sch\u00f6pfen ihre Originalit\u00e4t aus dem kalk- und lehmhaltigen, auf 900 Meter H\u00f6he gelegenen Boden, der einen perfekten Ausgleich der Tages- und Nachttemperatur verschafft. Das Ganze wird unterst\u00fctzt von westlichen Meereseinfl\u00fcssen, somit bekommen die Weine eine wundersch\u00f6ne Mineralit\u00e4t und Pers\u00f6nlichkeit.<\/p>","protected":false},"excerpt":{"rendered":"<p>Syrah, Cabernet Sauvignon &#038; Merlot<br \/>\nreift dieser Wein 14 Monate in Holzf\u00e4ssern aus franz\u00f6sischer Eiche.<br \/>\nEin komplexer Rotwein mit einer dunkelroten Farbe und purpurnen Reflexionen. In der Nase duftet er nach schwarzen Fr\u00fcchten und Pfingstrosen. Vollmundig, herzhaft und gut strukturiert am Gaumen mit sanften Tannin und einem langanhaltenden w\u00fcrzigen Abgang.<\/p>","protected":false},"featured_media":0,"template":"","meta":{"_et_pb_use_builder":"","_et_pb_old_content":"","_et_gb_content_width":""},"product_brand":[],"product_cat":[15,38,47],"product_tag":[],"class_list":{"0":"post-458","1":"product","2":"type-product","3":"status-publish","5":"product_cat-15","6":"product_cat-weine","7":"product_cat-wine-s","9":"first","10":"instock","11":"taxable","12":"shipping-taxable","13":"purchasable","14":"product-type-simple"},"_links":{"self":[{"href":"https:\/\/new.fardi-hamburg.de\/en\/wp-json\/wp\/v2\/product\/458","targetHints":{"allow":["GET"]}}],"collection":[{"href":"https:\/\/new.fardi-hamburg.de\/en\/wp-json\/wp\/v2\/product"}],"about":[{"href":"https:\/\/new.fardi-hamburg.de\/en\/wp-json\/wp\/v2\/types\/product"}],"wp:attachment":[{"href":"https:\/\/new.fardi-hamburg.de\/en\/wp-json\/wp\/v2\/media?parent=458"}],"wp:term":[{"taxonomy":"product_brand","embeddable":true,"href":"https:\/\/new.fardi-hamburg.de\/en\/wp-json\/wp\/v2\/product_brand?post=458"},{"taxonomy":"product_cat","embeddable":true,"href":"https:\/\/new.fardi-hamburg.de\/en\/wp-json\/wp\/v2\/product_cat?post=458"},{"taxonomy":"product_tag","embeddable":true,"href":"https:\/\/new.fardi-hamburg.de\/en\/wp-json\/wp\/v2\/product_tag?post=458"}],"curies":[{"name":"wp","href":"https:\/\/api.w.org\/{rel}","templated":true}]}}