{"id":412,"date":"2021-08-29T10:35:57","date_gmt":"2021-08-29T10:35:57","guid":{"rendered":"https:\/\/fsr.alvario.de\/?post_type=product&#038;p=412"},"modified":"2021-12-08T17:57:15","modified_gmt":"2021-12-08T15:57:15","slug":"vorpeisen-mazza","status":"publish","type":"product","link":"https:\/\/new.fardi-hamburg.de\/en\/product\/vorpeisen-mazza\/","title":{"rendered":"Vorpeisen &#8211; Mazza"},"content":{"rendered":"<p><strong>Genie\u00dfen Sie die syrische Kochkunst<\/strong><br \/>\nDie moderne syrische K\u00fcche ist aber auch bekannt daf\u00fcr neue Einfl\u00fcsse mit in die traditionellen Gerichte und Speisen aufzunehmen und sich zu eigen zu machen &#8211; so entstand die &#8222;Syrische Haute Cuisine&#8220;.<\/p>","protected":false},"excerpt":{"rendered":"<p>Die ber\u00fchmte syrische Vorspeise. W\u00e4hlen Sie aus verschiedenen Variationen &#8211; wahlweise mit Falafel oder Lammw\u00fcrstchen.<\/p>","protected":false},"featured_media":679,"template":"","meta":{"_et_pb_use_builder":"","_et_pb_old_content":"","_et_gb_content_width":""},"product_brand":[],"product_cat":[15,37,49],"product_tag":[],"class_list":{"0":"post-412","1":"product","2":"type-product","3":"status-publish","4":"has-post-thumbnail","6":"product_cat-15","7":"product_cat-pick-up-food","8":"product_cat-first","10":"first","11":"instock","12":"taxable","13":"shipping-taxable","14":"purchasable","15":"product-type-simple"},"_links":{"self":[{"href":"https:\/\/new.fardi-hamburg.de\/en\/wp-json\/wp\/v2\/product\/412","targetHints":{"allow":["GET"]}}],"collection":[{"href":"https:\/\/new.fardi-hamburg.de\/en\/wp-json\/wp\/v2\/product"}],"about":[{"href":"https:\/\/new.fardi-hamburg.de\/en\/wp-json\/wp\/v2\/types\/product"}],"wp:featuredmedia":[{"embeddable":true,"href":"https:\/\/new.fardi-hamburg.de\/en\/wp-json\/wp\/v2\/media\/679"}],"wp:attachment":[{"href":"https:\/\/new.fardi-hamburg.de\/en\/wp-json\/wp\/v2\/media?parent=412"}],"wp:term":[{"taxonomy":"product_brand","embeddable":true,"href":"https:\/\/new.fardi-hamburg.de\/en\/wp-json\/wp\/v2\/product_brand?post=412"},{"taxonomy":"product_cat","embeddable":true,"href":"https:\/\/new.fardi-hamburg.de\/en\/wp-json\/wp\/v2\/product_cat?post=412"},{"taxonomy":"product_tag","embeddable":true,"href":"https:\/\/new.fardi-hamburg.de\/en\/wp-json\/wp\/v2\/product_tag?post=412"}],"curies":[{"name":"wp","href":"https:\/\/api.w.org\/{rel}","templated":true}]}}