{"id":134,"date":"2021-07-09T13:55:32","date_gmt":"2021-07-09T13:55:32","guid":{"rendered":"https:\/\/fsr.alvario.de\/?post_type=product&#038;p=134"},"modified":"2024-09-11T22:00:33","modified_gmt":"2024-09-11T20:00:33","slug":"gutschein","status":"publish","type":"product","link":"https:\/\/new.fardi-hamburg.de\/en\/product\/gutschein\/","title":{"rendered":"Gutschein Fardi"},"content":{"rendered":"<p>Kaufen Sie ein St\u00fcck Gl\u00fcck &#8211; mit den Gutscheinen f\u00fcr einen unvergesslichen Gourmet-Abend<\/p>","protected":false},"excerpt":{"rendered":"<p>Kaufen Sie ein St\u00fcck Gl\u00fcck &#8211; mit den Gutscheinen f\u00fcr einen unvergesslichen Gourmet-Abend<\/p>","protected":false},"featured_media":135,"template":"","meta":{"_et_pb_use_builder":"","_et_pb_old_content":"","_et_gb_content_width":""},"product_brand":[],"product_cat":[15,43],"product_tag":[],"class_list":{"0":"post-134","1":"product","2":"type-product","3":"status-publish","4":"has-post-thumbnail","6":"product_cat-15","7":"product_cat-coupon","8":"exwoofood_loc-hamburg","10":"first","11":"instock","12":"taxable","13":"shipping-taxable","14":"purchasable","15":"product-type-variable"},"_links":{"self":[{"href":"https:\/\/new.fardi-hamburg.de\/en\/wp-json\/wp\/v2\/product\/134","targetHints":{"allow":["GET"]}}],"collection":[{"href":"https:\/\/new.fardi-hamburg.de\/en\/wp-json\/wp\/v2\/product"}],"about":[{"href":"https:\/\/new.fardi-hamburg.de\/en\/wp-json\/wp\/v2\/types\/product"}],"wp:featuredmedia":[{"embeddable":true,"href":"https:\/\/new.fardi-hamburg.de\/en\/wp-json\/wp\/v2\/media\/135"}],"wp:attachment":[{"href":"https:\/\/new.fardi-hamburg.de\/en\/wp-json\/wp\/v2\/media?parent=134"}],"wp:term":[{"taxonomy":"product_brand","embeddable":true,"href":"https:\/\/new.fardi-hamburg.de\/en\/wp-json\/wp\/v2\/product_brand?post=134"},{"taxonomy":"product_cat","embeddable":true,"href":"https:\/\/new.fardi-hamburg.de\/en\/wp-json\/wp\/v2\/product_cat?post=134"},{"taxonomy":"product_tag","embeddable":true,"href":"https:\/\/new.fardi-hamburg.de\/en\/wp-json\/wp\/v2\/product_tag?post=134"}],"curies":[{"name":"wp","href":"https:\/\/api.w.org\/{rel}","templated":true}]}}