{"id":108,"date":"2021-07-29T14:14:27","date_gmt":"2021-07-29T14:14:27","guid":{"rendered":"https:\/\/fsr.alvario.de\/?page_id=108"},"modified":"2021-11-18T18:18:27","modified_gmt":"2021-11-18T16:18:27","slug":"essen-bestellen","status":"publish","type":"page","link":"https:\/\/new.fardi-hamburg.de\/en\/essen-bestellen\/","title":{"rendered":"Essen bestellen"},"content":{"rendered":"<p>[et_pb_section fb_built=&#8220;1&#8243; module_class=&#8220;alv-foodorder-categories&#8220; _builder_version=&#8220;4.9.9&#8243; _module_preset=&#8220;default&#8220;][et_pb_row _builder_version=&#8220;4.9.7&#8243; _module_preset=&#8220;default&#8220;][et_pb_column type=&#8220;4_4&#8243; _builder_version=&#8220;4.9.7&#8243; _module_preset=&#8220;default&#8220;][et_pb_text _builder_version=&#8220;4.9.9&#8243; _module_preset=&#8220;default&#8220; text_orientation=&#8220;center&#8220;]<\/p>\n<h1>Essen bestellen<\/h1>\n<p>Aktuell bieten wir nur Onlinebestellungen f\u00fcr Abholer an. Eine Lieferung von Speisen ist derzeit <span style=\"text-decoration: underline;\">nicht<\/span> m\u00f6glich. Wir bieten Ihnen aber auch eine Auswahl von <a href=\"\/shop\" title=\"zum Online Shop\">Produkten f\u00fcr den Versand<\/a> an.<\/p>\n<p>[\/et_pb_text][\/et_pb_column][\/et_pb_row][\/et_pb_section][et_pb_section fb_built=&#8220;1&#8243; module_class=&#8220;alv-foodorder-highlight&#8220; _builder_version=&#8220;4.9.9&#8243; _module_preset=&#8220;default&#8220;][et_pb_row column_structure=&#8220;1_2,1_2&#8243; make_equal=&#8220;on&#8220; custom_padding_last_edited=&#8220;on|phone&#8220; _builder_version=&#8220;4.9.9&#8243; _module_preset=&#8220;default&#8220; background_color=&#8220;#1c2d33&#8243; custom_padding=&#8220;40px|40px|40px|40px|true|true&#8220; custom_padding_tablet=&#8220;30px|30px|30px|30px|true|true&#8220; custom_padding_phone=&#8220;20px|20px|20px|20px|true|true&#8220;][et_pb_column type=&#8220;1_2&#8243; module_class=&#8220;text&#8220; _builder_version=&#8220;4.9.9&#8243; _module_preset=&#8220;default&#8220;][et_pb_text _builder_version=&#8220;4.9.9&#8243; _module_preset=&#8220;default&#8220; text_font=&#8220;|700|||||||&#8220; text_text_color=&#8220;#e1bb6f&#8220; text_font_size=&#8220;17px&#8220;]<\/p>\n<p>Die m\u00fcssen Sie probieren.<\/p>\n<p>[\/et_pb_text][et_pb_wc_title product=&#8220;412&#8243; _builder_version=&#8220;4.9.9&#8243; _module_preset=&#8220;default&#8220; custom_margin=&#8220;50px||20px||false|false&#8220; custom_padding=&#8220;||||false|false&#8220;][\/et_pb_wc_title][et_pb_wc_description product=&#8220;412&#8243; _builder_version=&#8220;4.9.9&#8243; _module_preset=&#8220;default&#8220;][\/et_pb_wc_description][et_pb_button button_url=&#8220;@ET-DC@eyJkeW5hbWljIjp0cnVlLCJjb250ZW50IjoicG9zdF9saW5rX3VybF9wcm9kdWN0Iiwic2V0dGluZ3MiOnsicG9zdF9pZCI6IjQxMiJ9fQ==@&#8220; button_text=&#8220;Produkt ansehen&#8220; _builder_version=&#8220;4.9.9&#8243; _dynamic_attributes=&#8220;button_url&#8220; _module_preset=&#8220;default&#8220;][\/et_pb_button][\/et_pb_column][et_pb_column type=&#8220;1_2&#8243; _builder_version=&#8220;4.9.7&#8243; _module_preset=&#8220;default&#8220;][et_pb_image src=&#8220;https:\/\/static.lieferando.de\/images\/restaurants\/de\/N0QP305\/products\/mazza-lorient-in-zehn-variationen-min.png&#8220; title_text=&#8220;Witt-Mockup-3-Flaschen-01-1500&#215;1072-1&#8243; _builder_version=&#8220;4.9.9&#8243; _module_preset=&#8220;default&#8220; max_height=&#8220;400px&#8220;][\/et_pb_image][\/et_pb_column][\/et_pb_row][\/et_pb_section][et_pb_section fb_built=&#8220;1&#8243; _builder_version=&#8220;4.9.9&#8243; _module_preset=&#8220;default&#8220;][et_pb_row custom_padding_last_edited=&#8220;on|phone&#8220; _builder_version=&#8220;4.9.9&#8243; _module_preset=&#8220;default&#8220; background_color=&#8220;#1c2d33&#8243; custom_padding=&#8220;60px|60px|60px|60px|true|true&#8220; custom_padding_tablet=&#8220;40px|40px|40px|40px|true|true&#8220; custom_padding_phone=&#8220;20px|20px|20px|20px|true|true&#8220;][et_pb_column type=&#8220;4_4&#8243; _builder_version=&#8220;4.9.9&#8243; _module_preset=&#8220;default&#8220;][et_pb_text _builder_version=&#8220;4.9.9&#8243; _module_preset=&#8220;default&#8220; text_orientation=&#8220;center&#8220;]<\/p>\n<h2>Hauptgerichte<\/h2>\n<p>lorem ipsum dolor[\/et_pb_text][et_pb_shop type=&#8220;product_category&#8220; posts_number=&#8220;99&#8243; include_categories=&#8220;50&#8243; _builder_version=&#8220;4.9.9&#8243; _module_preset=&#8220;default&#8220;][\/et_pb_shop][\/et_pb_column][\/et_pb_row][\/et_pb_section][et_pb_section fb_built=&#8220;1&#8243; module_class=&#8220;alv-foodorder-highlight&#8220; _builder_version=&#8220;4.9.9&#8243; _module_preset=&#8220;default&#8220;][et_pb_row column_structure=&#8220;1_2,1_2&#8243; make_equal=&#8220;on&#8220; custom_padding_last_edited=&#8220;on|phone&#8220; _builder_version=&#8220;4.9.9&#8243; _module_preset=&#8220;default&#8220; background_color=&#8220;#1c2d33&#8243; custom_padding=&#8220;40px|40px|40px|40px|true|true&#8220; custom_padding_tablet=&#8220;30px|30px|30px|30px|true|true&#8220; custom_padding_phone=&#8220;20px|20px|20px|20px|true|true&#8220;][et_pb_column type=&#8220;1_2&#8243; module_class=&#8220;text&#8220; _builder_version=&#8220;4.9.9&#8243; _module_preset=&#8220;default&#8220;][et_pb_text _builder_version=&#8220;4.9.9&#8243; _module_preset=&#8220;default&#8220; text_font=&#8220;|700|||||||&#8220; text_text_color=&#8220;#e1bb6f&#8220; text_font_size=&#8220;17px&#8220;]<\/p>\n<p>Die m\u00fcssen Sie probieren.<\/p>\n<p>[\/et_pb_text][et_pb_wc_title product=&#8220;490&#8243; _builder_version=&#8220;4.9.9&#8243; _module_preset=&#8220;default&#8220; custom_margin=&#8220;50px||20px||false|false&#8220; custom_padding=&#8220;||||false|false&#8220;][\/et_pb_wc_title][et_pb_wc_description product=&#8220;490&#8243; _builder_version=&#8220;4.9.9&#8243; _module_preset=&#8220;default&#8220;][\/et_pb_wc_description][et_pb_button button_url=&#8220;@ET-DC@eyJkeW5hbWljIjp0cnVlLCJjb250ZW50IjoicG9zdF9saW5rX3VybF9wcm9kdWN0Iiwic2V0dGluZ3MiOnsicG9zdF9pZCI6IjQ5MCJ9fQ==@&#8220; button_text=&#8220;Produkt ansehen&#8220; _builder_version=&#8220;4.9.9&#8243; _dynamic_attributes=&#8220;button_url&#8220; _module_preset=&#8220;default&#8220;][\/et_pb_button][\/et_pb_column][et_pb_column type=&#8220;1_2&#8243; _builder_version=&#8220;4.9.7&#8243; _module_preset=&#8220;default&#8220;][et_pb_image src=&#8220;https:\/\/static.lieferando.de\/images\/restaurants\/de\/N0QP305\/products\/mazza-lorient-in-zehn-variationen-min.png&#8220; title_text=&#8220;Witt-Mockup-3-Flaschen-01-1500&#215;1072-1&#8243; _builder_version=&#8220;4.9.9&#8243; _module_preset=&#8220;default&#8220; max_height=&#8220;400px&#8220;][\/et_pb_image][\/et_pb_column][\/et_pb_row][\/et_pb_section]<\/p>\n","protected":false},"excerpt":{"rendered":"<p>Essen bestellen Aktuell bieten wir nur Onlinebestellungen f\u00fcr Abholer an. Eine Lieferung von Speisen ist derzeit nicht m\u00f6glich. Wir bieten Ihnen aber auch eine Auswahl von Produkten f\u00fcr den Versand an.Die m\u00fcssen Sie probieren.Hauptgerichte lorem ipsum dolorDie m\u00fcssen Sie probieren.<\/p>","protected":false},"author":8,"featured_media":0,"parent":0,"menu_order":0,"comment_status":"closed","ping_status":"closed","template":"","meta":{"_et_pb_use_builder":"on","_et_pb_old_content":"","_et_gb_content_width":"","footnotes":""},"class_list":["post-108","page","type-page","status-publish","hentry"],"_links":{"self":[{"href":"https:\/\/new.fardi-hamburg.de\/en\/wp-json\/wp\/v2\/pages\/108","targetHints":{"allow":["GET"]}}],"collection":[{"href":"https:\/\/new.fardi-hamburg.de\/en\/wp-json\/wp\/v2\/pages"}],"about":[{"href":"https:\/\/new.fardi-hamburg.de\/en\/wp-json\/wp\/v2\/types\/page"}],"author":[{"embeddable":true,"href":"https:\/\/new.fardi-hamburg.de\/en\/wp-json\/wp\/v2\/users\/8"}],"replies":[{"embeddable":true,"href":"https:\/\/new.fardi-hamburg.de\/en\/wp-json\/wp\/v2\/comments?post=108"}],"version-history":[{"count":34,"href":"https:\/\/new.fardi-hamburg.de\/en\/wp-json\/wp\/v2\/pages\/108\/revisions"}],"predecessor-version":[{"id":629,"href":"https:\/\/new.fardi-hamburg.de\/en\/wp-json\/wp\/v2\/pages\/108\/revisions\/629"}],"wp:attachment":[{"href":"https:\/\/new.fardi-hamburg.de\/en\/wp-json\/wp\/v2\/media?parent=108"}],"curies":[{"name":"wp","href":"https:\/\/api.w.org\/{rel}","templated":true}]}}